{"id":153,"date":"2014-02-01T14:16:16","date_gmt":"2014-02-01T13:16:16","guid":{"rendered":"https:\/\/lelundidespatates.com\/?page_id=153"},"modified":"2014-02-01T14:16:16","modified_gmt":"2014-02-01T13:16:16","slug":"contacter-les-patates","status":"publish","type":"page","link":"https:\/\/lelundidespatates.com\/fr\/contacter-les-patates\/","title":{"rendered":"Contacter les Patates"},"content":{"rendered":"<h2>Nous joindre :<\/h2>\n<p>Vous pouvez retrouver les patates sur les r\u00e9seaux sociaux :<br \/>\nFacebook<a href=\"https:\/\/twitter.com\/lldpatates\"><br \/>\nTwitter<\/a><br \/>\nVous aimez les patates ? Vous voulez nous le dire en priv\u00e9 ? Ou bien vous avez des plans de conqu\u00eate du monde et voulez nous faire participer ? Pas de probl\u00e8me, vous pouvez utiliser le formulaire ci dessous :<\/p>\n<p>[contact-form-7 id=\u00a0\u00bb152&Prime; title=\u00a0\u00bbContact\u00a0\u00bb]<\/p>\n","protected":false},"excerpt":{"rendered":"<p>Nous joindre : Vous pouvez retrouver les patates sur les r\u00e9seaux sociaux : Facebook Twitter Vous aimez les patates ? Vous voulez nous le dire en priv\u00e9 ? Ou bien vous avez des plans de conqu\u00eate du monde et voulez nous faire participer ? Pas de probl\u00e8me, vous pouvez utiliser le formulaire ci dessous : &hellip; <a href=\"https:\/\/lelundidespatates.com\/fr\/contacter-les-patates\/\" class=\"more-link\">Continuer la lecture de <span class=\"screen-reader-text\">Contacter les Patates<\/span><\/a><\/p>\n","protected":false},"author":2,"featured_media":0,"parent":0,"menu_order":0,"comment_status":"open","ping_status":"closed","template":"","meta":{"footnotes":""},"class_list":["post-153","page","type-page","status-publish","hentry"],"_links":{"self":[{"href":"https:\/\/lelundidespatates.com\/fr\/wp-json\/wp\/v2\/pages\/153","targetHints":{"allow":["GET"]}}],"collection":[{"href":"https:\/\/lelundidespatates.com\/fr\/wp-json\/wp\/v2\/pages"}],"about":[{"href":"https:\/\/lelundidespatates.com\/fr\/wp-json\/wp\/v2\/types\/page"}],"author":[{"embeddable":true,"href":"https:\/\/lelundidespatates.com\/fr\/wp-json\/wp\/v2\/users\/2"}],"replies":[{"embeddable":true,"href":"https:\/\/lelundidespatates.com\/fr\/wp-json\/wp\/v2\/comments?post=153"}],"version-history":[{"count":0,"href":"https:\/\/lelundidespatates.com\/fr\/wp-json\/wp\/v2\/pages\/153\/revisions"}],"wp:attachment":[{"href":"https:\/\/lelundidespatates.com\/fr\/wp-json\/wp\/v2\/media?parent=153"}],"curies":[{"name":"wp","href":"https:\/\/api.w.org\/{rel}","templated":true}]}}